{"id":752399,"date":"2025-03-04T01:38:22","date_gmt":"2025-03-04T00:38:22","guid":{"rendered":"https:\/\/stoic-curie.212-227-153-4.plesk.page\/producto\/luz-led-subaquatica-astel-marine-rgbw-bronze-10wt\/"},"modified":"2026-02-25T00:28:29","modified_gmt":"2026-02-25T00:28:29","slug":"luz-led-subaquatica-astel-marine-rgbw-bronze-10wt","status":"publish","type":"product","link":"https:\/\/stoic-curie.212-227-153-4.plesk.page\/pt\/product\/luz-led-subaquatica-astel-marine-rgbw-bronze-10wt\/","title":{"rendered":"Luz Led Subaqu\u00e1tica Astel Marine RGBW &#8211; Bronze 10wt"},"content":{"rendered":"<p>Luz Led Subaqu\u00e1tica Astel Marine RGBW &#8211; Bronze 10wt &#8211; <\/p>\n<p>Luz LED subaqu\u00e1tica ultra fina com corpo de liga de bronze AB2 e alum\u00ednio, formulada para resist\u00eancia inigual\u00e1vel \u00e0 corros\u00e3o e oxida\u00e7\u00e3o. Constru\u00eddo de acordo com as especifica\u00e7\u00f5es RINa com cone de luz branca de 8000 K estendido a 60\u00b0 e lentes de policarbonato inquebr\u00e1veis com refletores LED a v\u00e1cuo. Eletr\u00f4nica selada com driver integrado e circuito protegido contra picos de tens\u00e3o, invers\u00e3o de polaridade e superaquecimento. Instala\u00e7\u00e3o simples abaixo da linha d\u2019\u00e1gua com um orif\u00edcio de alimenta\u00e7\u00e3o de 10 mm e 4 parafusos M6x80 mm.<\/p>\n<p>Aten\u00e7\u00e3o: As luzes devem estar sempre mergulhadas em \u00e1gua para evitar falhas devido ao superaquecimento prolongado. \u00c9 recomendada uma prote\u00e7\u00e3o cat\u00f3dica adequada, especialmente se instalada em cascos de metal.<\/p>\n","protected":false},"excerpt":{"rendered":"<p>Luz Led Subaqu\u00e1tica Astel Marine RGBW &#8211; Bronze 10wt &#8211; Luz LED subaqu\u00e1tica ultra fina com corpo de liga de<\/p>\n","protected":false},"featured_media":5949054,"comment_status":"open","ping_status":"closed","template":"","meta":[],"product_brand":[2802],"product_cat":[2018],"product_tag":[],"class_list":{"0":"post-752399","1":"product","2":"type-product","3":"status-publish","4":"has-post-thumbnail","6":"product_brand-astel-marine-pt","7":"product_cat-luzes-led-submersiveis","9":"first","10":"instock","11":"shipping-taxable","12":"purchasable","13":"product-type-simple"},"_links":{"self":[{"href":"https:\/\/stoic-curie.212-227-153-4.plesk.page\/pt\/wp-json\/wp\/v2\/product\/752399","targetHints":{"allow":["GET"]}}],"collection":[{"href":"https:\/\/stoic-curie.212-227-153-4.plesk.page\/pt\/wp-json\/wp\/v2\/product"}],"about":[{"href":"https:\/\/stoic-curie.212-227-153-4.plesk.page\/pt\/wp-json\/wp\/v2\/types\/product"}],"replies":[{"embeddable":true,"href":"https:\/\/stoic-curie.212-227-153-4.plesk.page\/pt\/wp-json\/wp\/v2\/comments?post=752399"}],"version-history":[{"count":0,"href":"https:\/\/stoic-curie.212-227-153-4.plesk.page\/pt\/wp-json\/wp\/v2\/product\/752399\/revisions"}],"wp:featuredmedia":[{"embeddable":true,"href":"https:\/\/stoic-curie.212-227-153-4.plesk.page\/pt\/wp-json\/wp\/v2\/media\/5949054"}],"wp:attachment":[{"href":"https:\/\/stoic-curie.212-227-153-4.plesk.page\/pt\/wp-json\/wp\/v2\/media?parent=752399"}],"wp:term":[{"taxonomy":"product_brand","embeddable":true,"href":"https:\/\/stoic-curie.212-227-153-4.plesk.page\/pt\/wp-json\/wp\/v2\/product_brand?post=752399"},{"taxonomy":"product_cat","embeddable":true,"href":"https:\/\/stoic-curie.212-227-153-4.plesk.page\/pt\/wp-json\/wp\/v2\/product_cat?post=752399"},{"taxonomy":"product_tag","embeddable":true,"href":"https:\/\/stoic-curie.212-227-153-4.plesk.page\/pt\/wp-json\/wp\/v2\/product_tag?post=752399"}],"curies":[{"name":"wp","href":"https:\/\/api.w.org\/{rel}","templated":true}]}}