{"id":752406,"date":"2025-03-04T01:42:02","date_gmt":"2025-03-04T00:42:02","guid":{"rendered":"https:\/\/stoic-curie.212-227-153-4.plesk.page\/producto\/trim-lok-po-vedante-de-borracha-3m-320-x-125-x-30mm-x-15-mt\/"},"modified":"2026-02-25T00:28:29","modified_gmt":"2026-02-25T00:28:29","slug":"trim-lok-po-vedante-de-borracha-3m-320-x-125-x-30mm-x-15-mt","status":"publish","type":"product","link":"https:\/\/stoic-curie.212-227-153-4.plesk.page\/pt\/product\/trim-lok-po-vedante-de-borracha-3m-320-x-125-x-30mm-x-15-mt\/","title":{"rendered":"Trim-lok PO Vedante de borracha 3M 32,0 x 12,5 x 3,0mm x 15 Mt"},"content":{"rendered":"<p>Trim-lok PO Vedante de borracha 3M 32,0 x 12,5 x 3,0mm x 15 Mt &#8211; <\/p>\n<p>Veda\u00e7\u00e3o Trim-Lok \u00e0 prova d&#8217;\u00e1gua para portas, escotilhas e fechos. Completo com adesivo acr\u00edlico HT ou um forte adesivo 3M espec\u00edfico para exteriores. A montagem \u00e9 f\u00e1cil gra\u00e7as \u00e0 estrutura de borracha EPDM expandida que se adapta perfeitamente \u00e0 forma da borda. Pacote de 15 metros.<\/p>\n","protected":false},"excerpt":{"rendered":"<p>Trim-lok PO Vedante de borracha 3M 32,0 x 12,5 x 3,0mm x 15 Mt &#8211; Veda\u00e7\u00e3o Trim-Lok \u00e0 prova d&#8217;\u00e1gua<\/p>\n","protected":false},"featured_media":5949057,"comment_status":"open","ping_status":"closed","template":"","meta":[],"product_brand":[3482],"product_cat":[1989],"product_tag":[],"class_list":{"0":"post-752406","1":"product","2":"type-product","3":"status-publish","4":"has-post-thumbnail","6":"product_brand-tessilmare-pt","7":"product_cat-escotilhas","9":"first","10":"instock","11":"shipping-taxable","12":"purchasable","13":"product-type-simple"},"_links":{"self":[{"href":"https:\/\/stoic-curie.212-227-153-4.plesk.page\/pt\/wp-json\/wp\/v2\/product\/752406","targetHints":{"allow":["GET"]}}],"collection":[{"href":"https:\/\/stoic-curie.212-227-153-4.plesk.page\/pt\/wp-json\/wp\/v2\/product"}],"about":[{"href":"https:\/\/stoic-curie.212-227-153-4.plesk.page\/pt\/wp-json\/wp\/v2\/types\/product"}],"replies":[{"embeddable":true,"href":"https:\/\/stoic-curie.212-227-153-4.plesk.page\/pt\/wp-json\/wp\/v2\/comments?post=752406"}],"version-history":[{"count":0,"href":"https:\/\/stoic-curie.212-227-153-4.plesk.page\/pt\/wp-json\/wp\/v2\/product\/752406\/revisions"}],"wp:featuredmedia":[{"embeddable":true,"href":"https:\/\/stoic-curie.212-227-153-4.plesk.page\/pt\/wp-json\/wp\/v2\/media\/5949057"}],"wp:attachment":[{"href":"https:\/\/stoic-curie.212-227-153-4.plesk.page\/pt\/wp-json\/wp\/v2\/media?parent=752406"}],"wp:term":[{"taxonomy":"product_brand","embeddable":true,"href":"https:\/\/stoic-curie.212-227-153-4.plesk.page\/pt\/wp-json\/wp\/v2\/product_brand?post=752406"},{"taxonomy":"product_cat","embeddable":true,"href":"https:\/\/stoic-curie.212-227-153-4.plesk.page\/pt\/wp-json\/wp\/v2\/product_cat?post=752406"},{"taxonomy":"product_tag","embeddable":true,"href":"https:\/\/stoic-curie.212-227-153-4.plesk.page\/pt\/wp-json\/wp\/v2\/product_tag?post=752406"}],"curies":[{"name":"wp","href":"https:\/\/api.w.org\/{rel}","templated":true}]}}