{"id":752408,"date":"2025-03-04T01:42:03","date_gmt":"2025-03-04T00:42:03","guid":{"rendered":"https:\/\/stoic-curie.212-227-153-4.plesk.page\/producto\/luz-led-subaquatica-astel-azul-marinho-10wt\/"},"modified":"2026-02-25T00:28:29","modified_gmt":"2026-02-25T00:28:29","slug":"luz-led-subaquatica-astel-azul-marinho-10wt","status":"publish","type":"product","link":"https:\/\/stoic-curie.212-227-153-4.plesk.page\/pt\/product\/luz-led-subaquatica-astel-azul-marinho-10wt\/","title":{"rendered":"Luz Led Subaqu\u00e1tica Astel Azul Marinho 10wt"},"content":{"rendered":"<p>Luz Led Subaqu\u00e1tica Astel Azul Marinho 10wt &#8211; <\/p>\n<p>Lanterna LED subaqu\u00e1tica ultra-fina com corpo em a\u00e7o inoxid\u00e1vel SAE316L. Com um poderoso cone de luz branca de 8000\u00b0K estendido at\u00e9 60\u00b0, lentes de policarbonato \u00e0 prova de choque e refletor LED a v\u00e1cuo. Eletr\u00f4nica selada com driver integrado e circuito protegido contra picos de tens\u00e3o, invers\u00e3o de polaridade e superaquecimento. Instala\u00e7\u00e3o simples abaixo da linha d&#8217;\u00e1gua com orif\u00edcio de alimenta\u00e7\u00e3o de 10 mm e 4 parafusos M6x80 mm.<\/p>\n<p>Aviso: as luzes devem estar sempre imersas na \u00e1gua para evitar falhas devido ao superaquecimento prolongado. Recomenda-se prote\u00e7\u00e3o cat\u00f3dica adequada, especialmente se instalado em cascos de metal.<\/p>\n","protected":false},"excerpt":{"rendered":"<p>Luz Led Subaqu\u00e1tica Astel Azul Marinho 10wt &#8211; Lanterna LED subaqu\u00e1tica ultra-fina com corpo em a\u00e7o inoxid\u00e1vel SAE316L. Com um<\/p>\n","protected":false},"featured_media":5949040,"comment_status":"open","ping_status":"closed","template":"","meta":[],"product_brand":[2802],"product_cat":[2018],"product_tag":[],"class_list":{"0":"post-752408","1":"product","2":"type-product","3":"status-publish","4":"has-post-thumbnail","6":"product_brand-astel-marine-pt","7":"product_cat-luzes-led-submersiveis","9":"first","10":"instock","11":"shipping-taxable","12":"purchasable","13":"product-type-simple"},"_links":{"self":[{"href":"https:\/\/stoic-curie.212-227-153-4.plesk.page\/pt\/wp-json\/wp\/v2\/product\/752408","targetHints":{"allow":["GET"]}}],"collection":[{"href":"https:\/\/stoic-curie.212-227-153-4.plesk.page\/pt\/wp-json\/wp\/v2\/product"}],"about":[{"href":"https:\/\/stoic-curie.212-227-153-4.plesk.page\/pt\/wp-json\/wp\/v2\/types\/product"}],"replies":[{"embeddable":true,"href":"https:\/\/stoic-curie.212-227-153-4.plesk.page\/pt\/wp-json\/wp\/v2\/comments?post=752408"}],"version-history":[{"count":0,"href":"https:\/\/stoic-curie.212-227-153-4.plesk.page\/pt\/wp-json\/wp\/v2\/product\/752408\/revisions"}],"wp:featuredmedia":[{"embeddable":true,"href":"https:\/\/stoic-curie.212-227-153-4.plesk.page\/pt\/wp-json\/wp\/v2\/media\/5949040"}],"wp:attachment":[{"href":"https:\/\/stoic-curie.212-227-153-4.plesk.page\/pt\/wp-json\/wp\/v2\/media?parent=752408"}],"wp:term":[{"taxonomy":"product_brand","embeddable":true,"href":"https:\/\/stoic-curie.212-227-153-4.plesk.page\/pt\/wp-json\/wp\/v2\/product_brand?post=752408"},{"taxonomy":"product_cat","embeddable":true,"href":"https:\/\/stoic-curie.212-227-153-4.plesk.page\/pt\/wp-json\/wp\/v2\/product_cat?post=752408"},{"taxonomy":"product_tag","embeddable":true,"href":"https:\/\/stoic-curie.212-227-153-4.plesk.page\/pt\/wp-json\/wp\/v2\/product_tag?post=752408"}],"curies":[{"name":"wp","href":"https:\/\/api.w.org\/{rel}","templated":true}]}}