{"id":752421,"date":"2025-03-04T01:42:08","date_gmt":"2025-03-04T00:42:08","guid":{"rendered":"https:\/\/stoic-curie.212-227-153-4.plesk.page\/producto\/fendering-profile-qbe-h65mm-12mt\/"},"modified":"2026-02-25T00:28:30","modified_gmt":"2026-02-25T00:28:30","slug":"fendering-profile-qbe-h65mm-12mt","status":"publish","type":"product","link":"https:\/\/stoic-curie.212-227-153-4.plesk.page\/pt\/product\/fendering-profile-qbe-h65mm-12mt\/","title":{"rendered":"Fendering Profile QBE H65mm 12mt"},"content":{"rendered":"<p>Fendering Profile QBE H65mm 12mt &#8211; <\/p>\n<p><strong>Perfil de Fendering Qbe em PVC da Tessilmare<\/strong><\/p>\n<p>Temos o prazer de apresentar o Qbe, um perfil de fender avan\u00e7ado que se destaca pela sua not\u00e1vel resist\u00eancia a impactos, viabilizada pelo seu design quadrado exclusivo. Este produto faz parte da renomada cole\u00e7\u00e3o de solu\u00e7\u00f5es de rubrail da Tessilmare, um nome respeit\u00e1vel na ind\u00fastria n\u00e1utica. O Qbe \u00e9 convenientemente oferecido em uma bobina substancial de 12 metros, facilitando o armazenamento e manuseio durante o processo de instala\u00e7\u00e3o.<\/p>\n<p>Uma caracter\u00edstica not\u00e1vel desta op\u00e7\u00e3o de fendering leve \u00e9 o seu sistema de fixa\u00e7\u00e3o seguro. Este utiliza uma barra de fixa\u00e7\u00e3o em a\u00e7o inoxid\u00e1vel que \u00e9 discretamente colocada sob o perfil superior de PVC, garantindo um visual limpo e polido, enquanto proporciona um forte suporte.<\/p>\n<p>O design contempor\u00e2neo e elegante do perfil de fendering Qbe o torna uma excelente escolha para embarca\u00e7\u00f5es que s\u00e3o frequentemente utilizadas, sejam elas barcos de trabalho ou embarca\u00e7\u00f5es profissionais. Ele foi especificamente projetado para absorver choques substanciais, mantendo uma estrutura leve que n\u00e3o compromete o desempenho.<\/p>\n<p>A instala\u00e7\u00e3o do Qbe \u00e9 simples e amig\u00e1vel, gra\u00e7as \u00e0 sua base fixa, uma barra de a\u00e7o inoxid\u00e1vel pr\u00e9-perfurada e um perfil de crista de press\u00e3o que aumenta sua efic\u00e1cia. Al\u00e9m disso, o Qbe \u00e9 vers\u00e1til e compat\u00edvel com diversos tipos de cascos, incluindo aqueles com acoplamento liso, em caixa ou plano. Essa flexibilidade garante que os propriet\u00e1rios de barcos possam contar com o Qbe para uma prote\u00e7\u00e3o confi\u00e1vel, independentemente do design de sua embarca\u00e7\u00e3o.<\/p>\n","protected":false},"excerpt":{"rendered":"<p>Fendering Profile QBE H65mm 12mt &#8211; Perfil de Fendering Qbe em PVC da Tessilmare Temos o prazer de apresentar o<\/p>\n","protected":false},"featured_media":5948803,"comment_status":"open","ping_status":"closed","template":"","meta":[],"product_brand":[3482],"product_cat":[2139],"product_tag":[],"class_list":{"0":"post-752421","1":"product","2":"type-product","3":"status-publish","4":"has-post-thumbnail","6":"product_brand-tessilmare-pt","7":"product_cat-batentes-de-defensas","9":"first","10":"instock","11":"shipping-taxable","12":"purchasable","13":"product-type-simple"},"_links":{"self":[{"href":"https:\/\/stoic-curie.212-227-153-4.plesk.page\/pt\/wp-json\/wp\/v2\/product\/752421","targetHints":{"allow":["GET"]}}],"collection":[{"href":"https:\/\/stoic-curie.212-227-153-4.plesk.page\/pt\/wp-json\/wp\/v2\/product"}],"about":[{"href":"https:\/\/stoic-curie.212-227-153-4.plesk.page\/pt\/wp-json\/wp\/v2\/types\/product"}],"replies":[{"embeddable":true,"href":"https:\/\/stoic-curie.212-227-153-4.plesk.page\/pt\/wp-json\/wp\/v2\/comments?post=752421"}],"version-history":[{"count":0,"href":"https:\/\/stoic-curie.212-227-153-4.plesk.page\/pt\/wp-json\/wp\/v2\/product\/752421\/revisions"}],"wp:featuredmedia":[{"embeddable":true,"href":"https:\/\/stoic-curie.212-227-153-4.plesk.page\/pt\/wp-json\/wp\/v2\/media\/5948803"}],"wp:attachment":[{"href":"https:\/\/stoic-curie.212-227-153-4.plesk.page\/pt\/wp-json\/wp\/v2\/media?parent=752421"}],"wp:term":[{"taxonomy":"product_brand","embeddable":true,"href":"https:\/\/stoic-curie.212-227-153-4.plesk.page\/pt\/wp-json\/wp\/v2\/product_brand?post=752421"},{"taxonomy":"product_cat","embeddable":true,"href":"https:\/\/stoic-curie.212-227-153-4.plesk.page\/pt\/wp-json\/wp\/v2\/product_cat?post=752421"},{"taxonomy":"product_tag","embeddable":true,"href":"https:\/\/stoic-curie.212-227-153-4.plesk.page\/pt\/wp-json\/wp\/v2\/product_tag?post=752421"}],"curies":[{"name":"wp","href":"https:\/\/api.w.org\/{rel}","templated":true}]}}