{"id":752422,"date":"2025-03-04T01:42:09","date_gmt":"2025-03-04T00:42:09","guid":{"rendered":"https:\/\/stoic-curie.212-227-153-4.plesk.page\/producto\/par-de-terminais-inoxidaveis-para-radial-85\/"},"modified":"2026-02-25T00:28:30","modified_gmt":"2026-02-25T00:28:30","slug":"par-de-terminais-inoxidaveis-para-radial-85","status":"publish","type":"product","link":"https:\/\/stoic-curie.212-227-153-4.plesk.page\/pt\/product\/par-de-terminais-inoxidaveis-para-radial-85\/","title":{"rendered":"Par de terminais inoxid\u00e1veis \u200b\u200bpara Radial 85"},"content":{"rendered":"<p>Par de terminais inoxid\u00e1veis \u200b\u200bpara Radial 85 &#8211; <\/p>\n<p>Radial \u00e9 o \u00fanico perfil de fender em PVC que \u00e9 f\u00e1cil e r\u00e1pido de instalar e que pode ser montado a frio em poucos passos. Sua flexibilidade e manuseio tornam o perfil Radial \u00fanico. O perfil \u00e9 fornecido em rolos de 12 &#8211; 16 &#8211; 24 metros com uma altura de 30 &#8211; 40 &#8211; 52 &#8211; 65 &#8211; 85 mm. Est\u00e1 dispon\u00edvel nas cores Preto, Branco e Cinza. As tampas de extremidade e as juntas est\u00e3o dispon\u00edveis em pl\u00e1stico na mesma cor do perfil ou em A\u00e7o Inoxid\u00e1vel. As trilhas de suporte r\u00edgidas s\u00e3o vendidas em barras de 2 metros.<\/p>\n","protected":false},"excerpt":{"rendered":"<p>Par de terminais inoxid\u00e1veis \u200b\u200bpara Radial 85 &#8211; Radial \u00e9 o \u00fanico perfil de fender em PVC que \u00e9 f\u00e1cil<\/p>\n","protected":false},"featured_media":5949066,"comment_status":"open","ping_status":"closed","template":"","meta":[],"product_brand":[3482],"product_cat":[2139],"product_tag":[],"class_list":{"0":"post-752422","1":"product","2":"type-product","3":"status-publish","4":"has-post-thumbnail","6":"product_brand-tessilmare-pt","7":"product_cat-batentes-de-defensas","9":"first","10":"instock","11":"shipping-taxable","12":"purchasable","13":"product-type-simple"},"_links":{"self":[{"href":"https:\/\/stoic-curie.212-227-153-4.plesk.page\/pt\/wp-json\/wp\/v2\/product\/752422","targetHints":{"allow":["GET"]}}],"collection":[{"href":"https:\/\/stoic-curie.212-227-153-4.plesk.page\/pt\/wp-json\/wp\/v2\/product"}],"about":[{"href":"https:\/\/stoic-curie.212-227-153-4.plesk.page\/pt\/wp-json\/wp\/v2\/types\/product"}],"replies":[{"embeddable":true,"href":"https:\/\/stoic-curie.212-227-153-4.plesk.page\/pt\/wp-json\/wp\/v2\/comments?post=752422"}],"version-history":[{"count":0,"href":"https:\/\/stoic-curie.212-227-153-4.plesk.page\/pt\/wp-json\/wp\/v2\/product\/752422\/revisions"}],"wp:featuredmedia":[{"embeddable":true,"href":"https:\/\/stoic-curie.212-227-153-4.plesk.page\/pt\/wp-json\/wp\/v2\/media\/5949066"}],"wp:attachment":[{"href":"https:\/\/stoic-curie.212-227-153-4.plesk.page\/pt\/wp-json\/wp\/v2\/media?parent=752422"}],"wp:term":[{"taxonomy":"product_brand","embeddable":true,"href":"https:\/\/stoic-curie.212-227-153-4.plesk.page\/pt\/wp-json\/wp\/v2\/product_brand?post=752422"},{"taxonomy":"product_cat","embeddable":true,"href":"https:\/\/stoic-curie.212-227-153-4.plesk.page\/pt\/wp-json\/wp\/v2\/product_cat?post=752422"},{"taxonomy":"product_tag","embeddable":true,"href":"https:\/\/stoic-curie.212-227-153-4.plesk.page\/pt\/wp-json\/wp\/v2\/product_tag?post=752422"}],"curies":[{"name":"wp","href":"https:\/\/api.w.org\/{rel}","templated":true}]}}