{"id":752423,"date":"2025-03-04T01:42:09","date_gmt":"2025-03-04T00:42:09","guid":{"rendered":"https:\/\/stoic-curie.212-227-153-4.plesk.page\/producto\/passadico-insuflavel-tiki-300-x-50-x-15-cm\/"},"modified":"2026-02-25T00:28:30","modified_gmt":"2026-02-25T00:28:30","slug":"passadico-insuflavel-tiki-300-x-50-x-15-cm","status":"publish","type":"product","link":"https:\/\/stoic-curie.212-227-153-4.plesk.page\/pt\/product\/passadico-insuflavel-tiki-300-x-50-x-15-cm\/","title":{"rendered":"Passadi\u00e7o insufl\u00e1vel Tiki 300 x 50 x 15 cm"},"content":{"rendered":"<p>Passadi\u00e7o insufl\u00e1vel Tiki 300 x 50 x 15 cm &#8211; <\/p>\n<p style=\"color: rgb(34, 34, 34); font-family: Arial, Helvetica, sans-serif; font-size: small;\">Apresentamos o Passarela Infl\u00e1vel Sup Gangway: uma solu\u00e7\u00e3o leve, dur\u00e1vel e vers\u00e1til para acesso a barcos. Esta passarela oferece excelente estabilidade sem a necessidade de pinos, garantindo que n\u00e3o escorregue ou danifique a popa do seu barco. Proporciona uma passagem segura tanto para pessoas com defici\u00eancia quanto para animais. Al\u00e9m disso, pode servir a m\u00faltiplos prop\u00f3sitos, funcionando como uma prancha de stand-up paddle, colch\u00e3o aqu\u00e1tico, anteparo lateral ou plataforma para manuten\u00e7\u00e3o do casco.<\/p>\n<p style=\"color: rgb(34, 34, 34); font-family: Arial, Helvetica, sans-serif; font-size: small;\">Constru\u00edda com um tecido especial de PVC multicamadas com uma estrutura interna refor\u00e7ada, esta passarela \u00e9 altamente resistente ao desgaste, raios UV e ao ambiente marinho. Ela vem completa com estai e corrim\u00e3o de corda, an\u00e9is de a\u00e7o inoxid\u00e1vel, bases de doca remov\u00edveis e um kit de reparo. A passarela requer uma press\u00e3o de infla\u00e7\u00e3o de 1000 mbar (15 psi) e \u00e9 r\u00e1pida e f\u00e1cil de instalar.<\/p>\n<p style=\"color: rgb(34, 34, 34); font-family: Arial, Helvetica, sans-serif; font-size: small;\">Voc\u00ea pode montar esta passarela em apenas 5 minutos usando uma bomba manual ou um motor el\u00e9trico, tornando-a uma escolha ideal para quem busca uma forma r\u00e1pida e eficiente de acessar seu barco.<\/p>\n<p style=\"color: rgb(34, 34, 34); font-family: Arial, Helvetica, sans-serif; font-size: small;\">Compacta e Pr\u00e1tica<\/p>\n<p style=\"color: rgb(34, 34, 34); font-family: Arial, Helvetica, sans-serif; font-size: small;\">Quando desinflada, a passarela mede apenas 70 x 40 x 18 cm, facilitando o armazenamento e o transporte. Este design compacto permite maximizar o espa\u00e7o dispon\u00edvel.<\/p>\n<p style=\"color: rgb(34, 34, 34); font-family: Arial, Helvetica, sans-serif; font-size: small;\">Seguran\u00e7a e Flexibilidade<\/p>\n<p style=\"color: rgb(34, 34, 34); font-family: Arial, Helvetica, sans-serif; font-size: small;\">Para maior seguran\u00e7a, a plataforma apresenta um sistema de c\u00e2mara dupla nos modelos 250 e 300, juntamente com um duplo martingale. Certos modelos tamb\u00e9m incluem protetores de corpo remov\u00edveis, dando a op\u00e7\u00e3o de usar a passarela com ou sem esses recursos de seguran\u00e7a adicionais.<\/p>\n<p style=\"color: rgb(34, 34, 34); font-family: Arial, Helvetica, sans-serif; font-size: small;\">Prote\u00e7\u00e3o e Durabilidade<\/p>\n<p style=\"color: rgb(34, 34, 34); font-family: Arial, Helvetica, sans-serif; font-size: small;\">Um pad de desgaste remov\u00edvel protege a conex\u00e3o do cais, evitando danos ao infl\u00e1vel quando ele entra em contato com o cais do porto.<\/p>\n<p style=\"color: rgb(34, 34, 34); font-family: Arial, Helvetica, sans-serif; font-size: small;\">Escolha a Passarela Infl\u00e1vel Tiki Factory para uma solu\u00e7\u00e3o robusta, segura e f\u00e1cil de gerenciar que transforma cada passeio mar\u00edtimo em um verdadeiro prazer. Junte-se ao movimento por um acesso f\u00e1cil e seguro com a Tiki Factory!<\/p>\n<p style=\"color: rgb(34, 34, 34); font-family: Arial, Helvetica, sans-serif; font-size: small;\">Dimens\u00f5es Infladas: 300 x 60 x 15 cm<br \/>Dimens\u00f5es Desinfladas: 70 x 40 x 18 cm<br \/>Peso: 11 kg<br \/>Tempo de Infla\u00e7\u00e3o: 5 minutos<\/p>\n","protected":false},"excerpt":{"rendered":"<p>Passadi\u00e7o insufl\u00e1vel Tiki 300 x 50 x 15 cm &#8211; Apresentamos o Passarela Infl\u00e1vel Sup Gangway: uma solu\u00e7\u00e3o leve, dur\u00e1vel<\/p>\n","protected":false},"featured_media":5946966,"comment_status":"open","ping_status":"closed","template":"","meta":[],"product_brand":[3207],"product_cat":[1899],"product_tag":[],"class_list":{"0":"post-752423","1":"product","2":"type-product","3":"status-publish","4":"has-post-thumbnail","6":"product_brand-nova-argonautica-pt","7":"product_cat-pranchas-de-embarque","9":"first","10":"instock","11":"shipping-taxable","12":"purchasable","13":"product-type-simple"},"_links":{"self":[{"href":"https:\/\/stoic-curie.212-227-153-4.plesk.page\/pt\/wp-json\/wp\/v2\/product\/752423","targetHints":{"allow":["GET"]}}],"collection":[{"href":"https:\/\/stoic-curie.212-227-153-4.plesk.page\/pt\/wp-json\/wp\/v2\/product"}],"about":[{"href":"https:\/\/stoic-curie.212-227-153-4.plesk.page\/pt\/wp-json\/wp\/v2\/types\/product"}],"replies":[{"embeddable":true,"href":"https:\/\/stoic-curie.212-227-153-4.plesk.page\/pt\/wp-json\/wp\/v2\/comments?post=752423"}],"version-history":[{"count":0,"href":"https:\/\/stoic-curie.212-227-153-4.plesk.page\/pt\/wp-json\/wp\/v2\/product\/752423\/revisions"}],"wp:featuredmedia":[{"embeddable":true,"href":"https:\/\/stoic-curie.212-227-153-4.plesk.page\/pt\/wp-json\/wp\/v2\/media\/5946966"}],"wp:attachment":[{"href":"https:\/\/stoic-curie.212-227-153-4.plesk.page\/pt\/wp-json\/wp\/v2\/media?parent=752423"}],"wp:term":[{"taxonomy":"product_brand","embeddable":true,"href":"https:\/\/stoic-curie.212-227-153-4.plesk.page\/pt\/wp-json\/wp\/v2\/product_brand?post=752423"},{"taxonomy":"product_cat","embeddable":true,"href":"https:\/\/stoic-curie.212-227-153-4.plesk.page\/pt\/wp-json\/wp\/v2\/product_cat?post=752423"},{"taxonomy":"product_tag","embeddable":true,"href":"https:\/\/stoic-curie.212-227-153-4.plesk.page\/pt\/wp-json\/wp\/v2\/product_tag?post=752423"}],"curies":[{"name":"wp","href":"https:\/\/api.w.org\/{rel}","templated":true}]}}