{"id":752424,"date":"2025-03-04T01:42:09","date_gmt":"2025-03-04T00:42:09","guid":{"rendered":"https:\/\/stoic-curie.212-227-153-4.plesk.page\/producto\/vedante-de-borracha-3m-125-x-3mm-15mt\/"},"modified":"2026-02-25T00:28:30","modified_gmt":"2026-02-25T00:28:30","slug":"vedante-de-borracha-3m-125-x-3mm-15mt","status":"publish","type":"product","link":"https:\/\/stoic-curie.212-227-153-4.plesk.page\/pt\/product\/vedante-de-borracha-3m-125-x-3mm-15mt\/","title":{"rendered":"Vedante de borracha 3M 12,5 x 3mm 15mt"},"content":{"rendered":"<p>Vedante de borracha 3M 12,5 x 3mm 15mt &#8211; <\/p>\n<p>Veda\u00e7\u00e3o \u00e0 prova d&#8217;\u00e1gua Trim-Lok para portas, escotilhas e fechos. Completo com adesivo acr\u00edlico HT ou adesivo 3M forte espec\u00edfico para exteriores. \u00c9 facilmente mont\u00e1vel gra\u00e7as \u00e0 estrutura em borracha EPDM expandida que se adapta perfeitamente \u00e0 forma da borda. Embalagem de 15 metros.<\/p>\n","protected":false},"excerpt":{"rendered":"<p>Vedante de borracha 3M 12,5 x 3mm 15mt &#8211; Veda\u00e7\u00e3o \u00e0 prova d&#8217;\u00e1gua Trim-Lok para portas, escotilhas e fechos. Completo<\/p>\n","protected":false},"featured_media":5949069,"comment_status":"open","ping_status":"closed","template":"","meta":[],"product_brand":[3482],"product_cat":[1989],"product_tag":[],"class_list":{"0":"post-752424","1":"product","2":"type-product","3":"status-publish","4":"has-post-thumbnail","6":"product_brand-tessilmare-pt","7":"product_cat-escotilhas","9":"first","10":"instock","11":"shipping-taxable","12":"purchasable","13":"product-type-simple"},"_links":{"self":[{"href":"https:\/\/stoic-curie.212-227-153-4.plesk.page\/pt\/wp-json\/wp\/v2\/product\/752424","targetHints":{"allow":["GET"]}}],"collection":[{"href":"https:\/\/stoic-curie.212-227-153-4.plesk.page\/pt\/wp-json\/wp\/v2\/product"}],"about":[{"href":"https:\/\/stoic-curie.212-227-153-4.plesk.page\/pt\/wp-json\/wp\/v2\/types\/product"}],"replies":[{"embeddable":true,"href":"https:\/\/stoic-curie.212-227-153-4.plesk.page\/pt\/wp-json\/wp\/v2\/comments?post=752424"}],"version-history":[{"count":0,"href":"https:\/\/stoic-curie.212-227-153-4.plesk.page\/pt\/wp-json\/wp\/v2\/product\/752424\/revisions"}],"wp:featuredmedia":[{"embeddable":true,"href":"https:\/\/stoic-curie.212-227-153-4.plesk.page\/pt\/wp-json\/wp\/v2\/media\/5949069"}],"wp:attachment":[{"href":"https:\/\/stoic-curie.212-227-153-4.plesk.page\/pt\/wp-json\/wp\/v2\/media?parent=752424"}],"wp:term":[{"taxonomy":"product_brand","embeddable":true,"href":"https:\/\/stoic-curie.212-227-153-4.plesk.page\/pt\/wp-json\/wp\/v2\/product_brand?post=752424"},{"taxonomy":"product_cat","embeddable":true,"href":"https:\/\/stoic-curie.212-227-153-4.plesk.page\/pt\/wp-json\/wp\/v2\/product_cat?post=752424"},{"taxonomy":"product_tag","embeddable":true,"href":"https:\/\/stoic-curie.212-227-153-4.plesk.page\/pt\/wp-json\/wp\/v2\/product_tag?post=752424"}],"curies":[{"name":"wp","href":"https:\/\/api.w.org\/{rel}","templated":true}]}}