{"id":752430,"date":"2025-03-04T01:42:12","date_gmt":"2025-03-04T00:42:12","guid":{"rendered":"https:\/\/stoic-curie.212-227-153-4.plesk.page\/producto\/perfil-protetor-preto-quadrado-35-a-55mm-15mt\/"},"modified":"2026-02-25T00:28:30","modified_gmt":"2026-02-25T00:28:30","slug":"perfil-protetor-preto-quadrado-35-a-55mm-15mt","status":"publish","type":"product","link":"https:\/\/stoic-curie.212-227-153-4.plesk.page\/pt\/product\/perfil-protetor-preto-quadrado-35-a-55mm-15mt\/","title":{"rendered":"Perfil Protetor Preto Quadrado 3,5 a 5,5mm 15mt"},"content":{"rendered":"<p>Perfil Protetor Preto Quadrado 3,5 a 5,5mm 15mt &#8211; <\/p>\n<p>Perfil de neoprene Trim-Lok muito flex\u00edvel para prote\u00e7\u00e3o e acabamento de bordas e cantos. Completo com adesivo HM pr\u00e9-aplicado, \u00e9 de f\u00e1cil instala\u00e7\u00e3o e se adapta perfeitamente \u00e0 forma da borda a ser coberta. Embalagem de 15 metros.<\/p>\n","protected":false},"excerpt":{"rendered":"<p>Perfil Protetor Preto Quadrado 3,5 a 5,5mm 15mt &#8211; Perfil de neoprene Trim-Lok muito flex\u00edvel para prote\u00e7\u00e3o e acabamento de<\/p>\n","protected":false},"featured_media":5949079,"comment_status":"open","ping_status":"closed","template":"","meta":[],"product_brand":[3482],"product_cat":[2139],"product_tag":[],"class_list":{"0":"post-752430","1":"product","2":"type-product","3":"status-publish","4":"has-post-thumbnail","6":"product_brand-tessilmare-pt","7":"product_cat-batentes-de-defensas","9":"first","10":"instock","11":"shipping-taxable","12":"purchasable","13":"product-type-simple"},"_links":{"self":[{"href":"https:\/\/stoic-curie.212-227-153-4.plesk.page\/pt\/wp-json\/wp\/v2\/product\/752430","targetHints":{"allow":["GET"]}}],"collection":[{"href":"https:\/\/stoic-curie.212-227-153-4.plesk.page\/pt\/wp-json\/wp\/v2\/product"}],"about":[{"href":"https:\/\/stoic-curie.212-227-153-4.plesk.page\/pt\/wp-json\/wp\/v2\/types\/product"}],"replies":[{"embeddable":true,"href":"https:\/\/stoic-curie.212-227-153-4.plesk.page\/pt\/wp-json\/wp\/v2\/comments?post=752430"}],"version-history":[{"count":0,"href":"https:\/\/stoic-curie.212-227-153-4.plesk.page\/pt\/wp-json\/wp\/v2\/product\/752430\/revisions"}],"wp:featuredmedia":[{"embeddable":true,"href":"https:\/\/stoic-curie.212-227-153-4.plesk.page\/pt\/wp-json\/wp\/v2\/media\/5949079"}],"wp:attachment":[{"href":"https:\/\/stoic-curie.212-227-153-4.plesk.page\/pt\/wp-json\/wp\/v2\/media?parent=752430"}],"wp:term":[{"taxonomy":"product_brand","embeddable":true,"href":"https:\/\/stoic-curie.212-227-153-4.plesk.page\/pt\/wp-json\/wp\/v2\/product_brand?post=752430"},{"taxonomy":"product_cat","embeddable":true,"href":"https:\/\/stoic-curie.212-227-153-4.plesk.page\/pt\/wp-json\/wp\/v2\/product_cat?post=752430"},{"taxonomy":"product_tag","embeddable":true,"href":"https:\/\/stoic-curie.212-227-153-4.plesk.page\/pt\/wp-json\/wp\/v2\/product_tag?post=752430"}],"curies":[{"name":"wp","href":"https:\/\/api.w.org\/{rel}","templated":true}]}}