{"id":752433,"date":"2025-03-04T01:42:13","date_gmt":"2025-03-04T00:42:13","guid":{"rendered":"https:\/\/stoic-curie.212-227-153-4.plesk.page\/producto\/luz-de-navegacao-dhr-225o-preto-branco\/"},"modified":"2026-02-25T00:28:30","modified_gmt":"2026-02-25T00:28:30","slug":"luz-de-navegacao-dhr-225o-preto-branco","status":"publish","type":"product","link":"https:\/\/stoic-curie.212-227-153-4.plesk.page\/pt\/product\/luz-de-navegacao-dhr-225o-preto-branco\/","title":{"rendered":"Luz de Navega\u00e7\u00e3o DHR 225\u00ba Preto-Branco"},"content":{"rendered":"<p>Luz de Navega\u00e7\u00e3o DHR 225\u00ba Preto-Branco &#8211; <\/p>\n<p>Lanterna de navega\u00e7\u00e3o DHR para barcos de at\u00e9 50 metros. \u00c0 prova d&#8217;\u00e1gua, n\u00e3o magn\u00e9tica, com corpo de policarbonato carregado e lentes Fresnel \u00e0 prova de choque. Deve ser complementada com l\u00e2mpada BAY15D. Certificada pela Bureau Veritas MED 2014\/90\/EU e em conformidade com COLREG\/IMO\/EN\/IEC.<\/p>\n","protected":false},"excerpt":{"rendered":"<p>Luz de Navega\u00e7\u00e3o DHR 225\u00ba Preto-Branco &#8211; Lanterna de navega\u00e7\u00e3o DHR para barcos de at\u00e9 50 metros. \u00c0 prova d&#8217;\u00e1gua,<\/p>\n","protected":false},"featured_media":5949082,"comment_status":"open","ping_status":"closed","template":"","meta":[],"product_brand":[2882],"product_cat":[2028],"product_tag":[],"class_list":{"0":"post-752433","1":"product","2":"type-product","3":"status-publish","4":"has-post-thumbnail","6":"product_brand-dhr-pt","7":"product_cat-luzes-de-navegacao","9":"first","10":"instock","11":"shipping-taxable","12":"purchasable","13":"product-type-simple"},"_links":{"self":[{"href":"https:\/\/stoic-curie.212-227-153-4.plesk.page\/pt\/wp-json\/wp\/v2\/product\/752433","targetHints":{"allow":["GET"]}}],"collection":[{"href":"https:\/\/stoic-curie.212-227-153-4.plesk.page\/pt\/wp-json\/wp\/v2\/product"}],"about":[{"href":"https:\/\/stoic-curie.212-227-153-4.plesk.page\/pt\/wp-json\/wp\/v2\/types\/product"}],"replies":[{"embeddable":true,"href":"https:\/\/stoic-curie.212-227-153-4.plesk.page\/pt\/wp-json\/wp\/v2\/comments?post=752433"}],"version-history":[{"count":0,"href":"https:\/\/stoic-curie.212-227-153-4.plesk.page\/pt\/wp-json\/wp\/v2\/product\/752433\/revisions"}],"wp:featuredmedia":[{"embeddable":true,"href":"https:\/\/stoic-curie.212-227-153-4.plesk.page\/pt\/wp-json\/wp\/v2\/media\/5949082"}],"wp:attachment":[{"href":"https:\/\/stoic-curie.212-227-153-4.plesk.page\/pt\/wp-json\/wp\/v2\/media?parent=752433"}],"wp:term":[{"taxonomy":"product_brand","embeddable":true,"href":"https:\/\/stoic-curie.212-227-153-4.plesk.page\/pt\/wp-json\/wp\/v2\/product_brand?post=752433"},{"taxonomy":"product_cat","embeddable":true,"href":"https:\/\/stoic-curie.212-227-153-4.plesk.page\/pt\/wp-json\/wp\/v2\/product_cat?post=752433"},{"taxonomy":"product_tag","embeddable":true,"href":"https:\/\/stoic-curie.212-227-153-4.plesk.page\/pt\/wp-json\/wp\/v2\/product_tag?post=752433"}],"curies":[{"name":"wp","href":"https:\/\/api.w.org\/{rel}","templated":true}]}}