{"id":752434,"date":"2025-03-04T01:42:13","date_gmt":"2025-03-04T00:42:13","guid":{"rendered":"https:\/\/stoic-curie.212-227-153-4.plesk.page\/producto\/piso-deck-cor-teca-100-x-200-cm\/"},"modified":"2026-02-25T00:28:30","modified_gmt":"2026-02-25T00:28:30","slug":"piso-deck-cor-teca-100-x-200-cm","status":"publish","type":"product","link":"https:\/\/stoic-curie.212-227-153-4.plesk.page\/pt\/product\/piso-deck-cor-teca-100-x-200-cm\/","title":{"rendered":"Piso Deck Cor Teca 100 x 200 cm"},"content":{"rendered":"<p>Piso Deck Cor Teca 100 x 200 cm &#8211; <\/p>\n<p>Pavimento de conv\u00e9s em material de espuma EVA de c\u00e9lulas fechadas que deve ser moldado e colado na parte a ser coberta. Ideal para pontes, cockpits, fly bridges, passagens, corredores e entradas. Faz com que todas as superf\u00edcies de caminhada sejam antiderrapantes e renova o barco, dando-lhe a apar\u00eancia de um acabamento em teca. O material espumoso de duas camadas com 6 mm de espessura garante um equil\u00edbrio perfeito entre conforto e resist\u00eancia, \u00e9 muito f\u00e1cil de limpar e n\u00e3o absorve manchas. Para a instala\u00e7\u00e3o, \u00e9 necess\u00e1rio um adesivo de poliuretano de baixa densidade.<\/p>\n","protected":false},"excerpt":{"rendered":"<p>Piso Deck Cor Teca 100 x 200 cm &#8211; Pavimento de conv\u00e9s em material de espuma EVA de c\u00e9lulas fechadas<\/p>\n","protected":false},"featured_media":5949083,"comment_status":"open","ping_status":"closed","template":"","meta":[],"product_brand":[3452],"product_cat":[1916],"product_tag":[],"class_list":{"0":"post-752434","1":"product","2":"type-product","3":"status-publish","4":"has-post-thumbnail","6":"product_brand-tbs-pt","7":"product_cat-fitas-e-tapetes-antiderrapantes","9":"first","10":"instock","11":"shipping-taxable","12":"purchasable","13":"product-type-simple"},"_links":{"self":[{"href":"https:\/\/stoic-curie.212-227-153-4.plesk.page\/pt\/wp-json\/wp\/v2\/product\/752434","targetHints":{"allow":["GET"]}}],"collection":[{"href":"https:\/\/stoic-curie.212-227-153-4.plesk.page\/pt\/wp-json\/wp\/v2\/product"}],"about":[{"href":"https:\/\/stoic-curie.212-227-153-4.plesk.page\/pt\/wp-json\/wp\/v2\/types\/product"}],"replies":[{"embeddable":true,"href":"https:\/\/stoic-curie.212-227-153-4.plesk.page\/pt\/wp-json\/wp\/v2\/comments?post=752434"}],"version-history":[{"count":0,"href":"https:\/\/stoic-curie.212-227-153-4.plesk.page\/pt\/wp-json\/wp\/v2\/product\/752434\/revisions"}],"wp:featuredmedia":[{"embeddable":true,"href":"https:\/\/stoic-curie.212-227-153-4.plesk.page\/pt\/wp-json\/wp\/v2\/media\/5949083"}],"wp:attachment":[{"href":"https:\/\/stoic-curie.212-227-153-4.plesk.page\/pt\/wp-json\/wp\/v2\/media?parent=752434"}],"wp:term":[{"taxonomy":"product_brand","embeddable":true,"href":"https:\/\/stoic-curie.212-227-153-4.plesk.page\/pt\/wp-json\/wp\/v2\/product_brand?post=752434"},{"taxonomy":"product_cat","embeddable":true,"href":"https:\/\/stoic-curie.212-227-153-4.plesk.page\/pt\/wp-json\/wp\/v2\/product_cat?post=752434"},{"taxonomy":"product_tag","embeddable":true,"href":"https:\/\/stoic-curie.212-227-153-4.plesk.page\/pt\/wp-json\/wp\/v2\/product_tag?post=752434"}],"curies":[{"name":"wp","href":"https:\/\/api.w.org\/{rel}","templated":true}]}}