{"id":752435,"date":"2025-03-04T01:42:13","date_gmt":"2025-03-04T00:42:13","guid":{"rendered":"https:\/\/stoic-curie.212-227-153-4.plesk.page\/producto\/pavimento-deck-cor-cinza-100-x-200-cm\/"},"modified":"2026-02-25T00:28:30","modified_gmt":"2026-02-25T00:28:30","slug":"pavimento-deck-cor-cinza-100-x-200-cm","status":"publish","type":"product","link":"https:\/\/stoic-curie.212-227-153-4.plesk.page\/pt\/product\/pavimento-deck-cor-cinza-100-x-200-cm\/","title":{"rendered":"Pavimento Deck Cor Cinza 100 x 200 cm"},"content":{"rendered":"<p>Pavimento Deck Cor Cinza 100 x 200 cm &#8211; <\/p>\n<p>Pavimento de deck em material de espuma EVA de c\u00e9lula fechada que pode ser moldado e colado na parte a ser coberta. Ideal para pontes, cockpits, flybridges, passagens e entradas. Torna todas as superf\u00edcies de caminhada antiderrapantes e renova o barco, dando a apar\u00eancia de um revestimento em teca. O material em espuma de duas camadas com 6 mm de espessura garante um equil\u00edbrio perfeito entre conforto e resist\u00eancia, sendo muito f\u00e1cil de limpar e n\u00e3o absorve manchas. \u00c9 necess\u00e1rio um adesivo de poliuretano de baixa densidade para a instala\u00e7\u00e3o.<\/p>\n","protected":false},"excerpt":{"rendered":"<p>Pavimento Deck Cor Cinza 100 x 200 cm &#8211; Pavimento de deck em material de espuma EVA de c\u00e9lula fechada<\/p>\n","protected":false},"featured_media":5949096,"comment_status":"open","ping_status":"closed","template":"","meta":[],"product_brand":[3452],"product_cat":[1916],"product_tag":[],"class_list":{"0":"post-752435","1":"product","2":"type-product","3":"status-publish","4":"has-post-thumbnail","6":"product_brand-tbs-pt","7":"product_cat-fitas-e-tapetes-antiderrapantes","9":"first","10":"instock","11":"shipping-taxable","12":"purchasable","13":"product-type-simple"},"_links":{"self":[{"href":"https:\/\/stoic-curie.212-227-153-4.plesk.page\/pt\/wp-json\/wp\/v2\/product\/752435","targetHints":{"allow":["GET"]}}],"collection":[{"href":"https:\/\/stoic-curie.212-227-153-4.plesk.page\/pt\/wp-json\/wp\/v2\/product"}],"about":[{"href":"https:\/\/stoic-curie.212-227-153-4.plesk.page\/pt\/wp-json\/wp\/v2\/types\/product"}],"replies":[{"embeddable":true,"href":"https:\/\/stoic-curie.212-227-153-4.plesk.page\/pt\/wp-json\/wp\/v2\/comments?post=752435"}],"version-history":[{"count":0,"href":"https:\/\/stoic-curie.212-227-153-4.plesk.page\/pt\/wp-json\/wp\/v2\/product\/752435\/revisions"}],"wp:featuredmedia":[{"embeddable":true,"href":"https:\/\/stoic-curie.212-227-153-4.plesk.page\/pt\/wp-json\/wp\/v2\/media\/5949096"}],"wp:attachment":[{"href":"https:\/\/stoic-curie.212-227-153-4.plesk.page\/pt\/wp-json\/wp\/v2\/media?parent=752435"}],"wp:term":[{"taxonomy":"product_brand","embeddable":true,"href":"https:\/\/stoic-curie.212-227-153-4.plesk.page\/pt\/wp-json\/wp\/v2\/product_brand?post=752435"},{"taxonomy":"product_cat","embeddable":true,"href":"https:\/\/stoic-curie.212-227-153-4.plesk.page\/pt\/wp-json\/wp\/v2\/product_cat?post=752435"},{"taxonomy":"product_tag","embeddable":true,"href":"https:\/\/stoic-curie.212-227-153-4.plesk.page\/pt\/wp-json\/wp\/v2\/product_tag?post=752435"}],"curies":[{"name":"wp","href":"https:\/\/api.w.org\/{rel}","templated":true}]}}