{"id":752485,"date":"2025-03-04T01:47:04","date_gmt":"2025-03-04T00:47:04","guid":{"rendered":"https:\/\/stoic-curie.212-227-153-4.plesk.page\/producto\/borracha-sobressalente-para-selos-flexiveis-de-eixo-35-40-mm\/"},"modified":"2026-02-25T00:28:30","modified_gmt":"2026-02-25T00:28:30","slug":"borracha-sobressalente-para-selos-flexiveis-de-eixo-35-40-mm","status":"publish","type":"product","link":"https:\/\/stoic-curie.212-227-153-4.plesk.page\/pt\/product\/borracha-sobressalente-para-selos-flexiveis-de-eixo-35-40-mm\/","title":{"rendered":"Borracha Sobressalente para Selos Flex\u00edveis de Eixo (35-40 mm)"},"content":{"rendered":"<p>Borracha Sobressalente para Selos Flex\u00edveis de Eixo (35-40 mm) &#8211; <\/p>\n<p>Cabe\u00e7a do tubo do eixo traseiro flex\u00edvel com capa de borracha.<\/p>\n","protected":false},"excerpt":{"rendered":"<p>Borracha Sobressalente para Selos Flex\u00edveis de Eixo (35-40 mm) &#8211; Cabe\u00e7a do tubo do eixo traseiro flex\u00edvel com capa de<\/p>\n","protected":false},"featured_media":5949104,"comment_status":"open","ping_status":"closed","template":"","meta":[],"product_brand":[2917],"product_cat":[2095],"product_tag":[],"class_list":{"0":"post-752485","1":"product","2":"type-product","3":"status-publish","4":"has-post-thumbnail","6":"product_brand-eliche-radice-pt","7":"product_cat-vedantes-para-veio-do-helice","9":"first","10":"instock","11":"shipping-taxable","12":"purchasable","13":"product-type-simple"},"_links":{"self":[{"href":"https:\/\/stoic-curie.212-227-153-4.plesk.page\/pt\/wp-json\/wp\/v2\/product\/752485","targetHints":{"allow":["GET"]}}],"collection":[{"href":"https:\/\/stoic-curie.212-227-153-4.plesk.page\/pt\/wp-json\/wp\/v2\/product"}],"about":[{"href":"https:\/\/stoic-curie.212-227-153-4.plesk.page\/pt\/wp-json\/wp\/v2\/types\/product"}],"replies":[{"embeddable":true,"href":"https:\/\/stoic-curie.212-227-153-4.plesk.page\/pt\/wp-json\/wp\/v2\/comments?post=752485"}],"version-history":[{"count":0,"href":"https:\/\/stoic-curie.212-227-153-4.plesk.page\/pt\/wp-json\/wp\/v2\/product\/752485\/revisions"}],"wp:featuredmedia":[{"embeddable":true,"href":"https:\/\/stoic-curie.212-227-153-4.plesk.page\/pt\/wp-json\/wp\/v2\/media\/5949104"}],"wp:attachment":[{"href":"https:\/\/stoic-curie.212-227-153-4.plesk.page\/pt\/wp-json\/wp\/v2\/media?parent=752485"}],"wp:term":[{"taxonomy":"product_brand","embeddable":true,"href":"https:\/\/stoic-curie.212-227-153-4.plesk.page\/pt\/wp-json\/wp\/v2\/product_brand?post=752485"},{"taxonomy":"product_cat","embeddable":true,"href":"https:\/\/stoic-curie.212-227-153-4.plesk.page\/pt\/wp-json\/wp\/v2\/product_cat?post=752485"},{"taxonomy":"product_tag","embeddable":true,"href":"https:\/\/stoic-curie.212-227-153-4.plesk.page\/pt\/wp-json\/wp\/v2\/product_tag?post=752485"}],"curies":[{"name":"wp","href":"https:\/\/api.w.org\/{rel}","templated":true}]}}