{"id":752488,"date":"2025-03-04T01:47:05","date_gmt":"2025-03-04T00:47:05","guid":{"rendered":"https:\/\/stoic-curie.212-227-153-4.plesk.page\/producto\/ancora-ultra-inoxidavel-5kg\/"},"modified":"2026-02-25T00:28:30","modified_gmt":"2026-02-25T00:28:30","slug":"ancora-ultra-inoxidavel-5kg","status":"publish","type":"product","link":"https:\/\/stoic-curie.212-227-153-4.plesk.page\/pt\/product\/ancora-ultra-inoxidavel-5kg\/","title":{"rendered":"\u00c2ncora Ultra 5kg"},"content":{"rendered":"<p>\u00c2ncora Ultra 5kg &#8211; <\/p>\n<p style=\"color: rgb(34, 34, 34); font-family: Arial, Helvetica, sans-serif; font-size: small;\"><strong>ULTRA MARINE UA5-11 &#8211; \u00c2ncora de A\u00e7o Inoxid\u00e1vel 316 de 5 kg (11 lbs)<\/strong><\/p>\n<p style=\"color: rgb(34, 34, 34); font-family: Arial, Helvetica, sans-serif; font-size: small;\">A UA5-11 \u00e9 a \u00e2ncora de a\u00e7o inoxid\u00e1vel mais renomada do mundo, reconhecida por sua excepcional ader\u00eancia e for\u00e7a de fixa\u00e7\u00e3o. Sua distribui\u00e7\u00e3o de peso cuidadosamente projetada garante um posicionamento ideal e o \u00e2ngulo perfeito para uma penetra\u00e7\u00e3o eficaz. O design c\u00f4ncavo assegura uma firmeza em diversas condi\u00e7\u00f5es de mar e vento. Al\u00e9m disso, o inovador design da base traseira impede que a corrente se enrosque no cabos, facilitando a recupera\u00e7\u00e3o segura e simples da \u00e2ncora de qualquer emaranhado.<\/p>\n<p style=\"color: rgb(34, 34, 34); font-family: Arial, Helvetica, sans-serif; font-size: small;\">A s\u00e9rie ULTRA Anchor representa os mais altos padr\u00f5es de tecnologia e artesanato em ancoragem. Cada \u00e2ncora \u00e9 meticulosamente feita \u00e0 m\u00e3o a partir de a\u00e7o inoxid\u00e1vel 316 e polida at\u00e9 a perfei\u00e7\u00e3o, assegurando qualidade inigual\u00e1vel. A ULTRA Anchor foi projetada para ser compat\u00edvel com todos os tipos de embarca\u00e7\u00f5es, encaixando-se com seguran\u00e7a no rolo de proa. \u00c9 adequada para veleiros de at\u00e9 17 p\u00e9s, lanchas de at\u00e9 19 p\u00e9s e catamar\u00e3s de at\u00e9 15 p\u00e9s.<\/p>\n<p style=\"color: rgb(34, 34, 34); font-family: Arial, Helvetica, sans-serif; font-size: small;\">A ULTRA Anchor destaca a import\u00e2ncia da distribui\u00e7\u00e3o de peso eficaz e do design tanto na fixa\u00e7\u00e3o quanto na recupera\u00e7\u00e3o da \u00e2ncora. Se voc\u00ea inverter qualquer \u00e2ncora ULTRA, ela reverter\u00e1 automaticamente para sua posi\u00e7\u00e3o de ataque.<\/p>\n<p style=\"color: rgb(34, 34, 34); font-family: Arial, Helvetica, sans-serif; font-size: small;\">Esse desempenho not\u00e1vel se deve \u00e0s caracter\u00edsticas patenteadas inovadoras da \u00e2ncora, que incluem uma ponta curvada preenchida com chumbo para penetra\u00e7\u00e3o imediata, um shank oco para distribui\u00e7\u00e3o de peso ideal, superf\u00edcies de base c\u00f4ncavas para maior poder de fixa\u00e7\u00e3o e placas laterais grandes que impedem a libera\u00e7\u00e3o durante mudan\u00e7as de vento ou mar\u00e9s. Cada \u00e2ncora tamb\u00e9m possui uma superf\u00edcie de pivotagem plana na parte inferior para recupera\u00e7\u00e3o sem esfor\u00e7o.<\/p>\n<p style=\"color: rgb(34, 34, 34); font-family: Arial, Helvetica, sans-serif; font-size: small;\">A s\u00e9rie ULTRA Anchor oferece tamanhos que variam de 5 kg (11 lbs) a 360 kg (800 lbs). Fabricada com materiais premium na Europa por engenheiros especializados, a \u00e2ncora ULTRA \u00e9 respaldada por uma GARANTIA DE VIDA INTEIRA.<\/p>\n","protected":false},"excerpt":{"rendered":"<p>\u00c2ncora Ultra 5kg &#8211; ULTRA MARINE UA5-11 &#8211; \u00c2ncora de A\u00e7o Inoxid\u00e1vel 316 de 5 kg (11 lbs) A UA5-11<\/p>\n","protected":false},"featured_media":5946951,"comment_status":"open","ping_status":"closed","template":"","meta":[],"product_brand":[3497],"product_cat":[2154],"product_tag":[],"class_list":{"0":"post-752488","1":"product","2":"type-product","3":"status-publish","4":"has-post-thumbnail","6":"product_brand-ultra-marine-pt","7":"product_cat-ancoras-ultra","9":"first","10":"instock","11":"shipping-taxable","12":"purchasable","13":"product-type-simple"},"_links":{"self":[{"href":"https:\/\/stoic-curie.212-227-153-4.plesk.page\/pt\/wp-json\/wp\/v2\/product\/752488","targetHints":{"allow":["GET"]}}],"collection":[{"href":"https:\/\/stoic-curie.212-227-153-4.plesk.page\/pt\/wp-json\/wp\/v2\/product"}],"about":[{"href":"https:\/\/stoic-curie.212-227-153-4.plesk.page\/pt\/wp-json\/wp\/v2\/types\/product"}],"replies":[{"embeddable":true,"href":"https:\/\/stoic-curie.212-227-153-4.plesk.page\/pt\/wp-json\/wp\/v2\/comments?post=752488"}],"version-history":[{"count":0,"href":"https:\/\/stoic-curie.212-227-153-4.plesk.page\/pt\/wp-json\/wp\/v2\/product\/752488\/revisions"}],"wp:featuredmedia":[{"embeddable":true,"href":"https:\/\/stoic-curie.212-227-153-4.plesk.page\/pt\/wp-json\/wp\/v2\/media\/5946951"}],"wp:attachment":[{"href":"https:\/\/stoic-curie.212-227-153-4.plesk.page\/pt\/wp-json\/wp\/v2\/media?parent=752488"}],"wp:term":[{"taxonomy":"product_brand","embeddable":true,"href":"https:\/\/stoic-curie.212-227-153-4.plesk.page\/pt\/wp-json\/wp\/v2\/product_brand?post=752488"},{"taxonomy":"product_cat","embeddable":true,"href":"https:\/\/stoic-curie.212-227-153-4.plesk.page\/pt\/wp-json\/wp\/v2\/product_cat?post=752488"},{"taxonomy":"product_tag","embeddable":true,"href":"https:\/\/stoic-curie.212-227-153-4.plesk.page\/pt\/wp-json\/wp\/v2\/product_tag?post=752488"}],"curies":[{"name":"wp","href":"https:\/\/api.w.org\/{rel}","templated":true}]}}