{"id":752490,"date":"2025-03-04T01:47:06","date_gmt":"2025-03-04T00:47:06","guid":{"rendered":"https:\/\/stoic-curie.212-227-153-4.plesk.page\/producto\/musto-dynamic-pro-ii-adapt-41-platinum\/"},"modified":"2026-02-25T00:28:30","modified_gmt":"2026-02-25T00:28:30","slug":"musto-dynamic-pro-ii-adapt-41-platinum","status":"publish","type":"product","link":"https:\/\/stoic-curie.212-227-153-4.plesk.page\/pt\/product\/musto-dynamic-pro-ii-adapt-41-platinum\/","title":{"rendered":"Musto Dynamic Pro II Adapt 41 Platinum"},"content":{"rendered":"<p>Musto Dynamic Pro II Adapt 41 Platinum &#8211; <\/p>\n<p>T\u00e9nis de vela Musto Dynamic Pro II Adapt com constru\u00e7\u00e3o de malha de camada \u00fanica de secagem r\u00e1pida, tecnologia de drenagem de \u00e1gua XPL para evitar o ac\u00famulo no sapato, sola externa Grip Flex multidirecional para uma ader\u00eancia excepcional em superf\u00edcies molhadas, sola Grip Deck com um composto de borracha adesiva para uma ader\u00eancia segura, estrutura de calcanhar absorvente de choque e sistema de amarra\u00e7\u00e3o Dynamic Gilly que proporciona um fecho seguro e confort\u00e1vel. <a href='#'>Clique aqui para verificar o tamanho exato:<\/a><\/p>\n","protected":false},"excerpt":{"rendered":"<p>Musto Dynamic Pro II Adapt 41 Platinum &#8211; T\u00e9nis de vela Musto Dynamic Pro II Adapt com constru\u00e7\u00e3o de malha<\/p>\n","protected":false},"featured_media":5949106,"comment_status":"open","ping_status":"closed","template":"","meta":[],"product_brand":[3157],"product_cat":[2147,2141],"product_tag":[],"class_list":{"0":"post-752490","1":"product","2":"type-product","3":"status-publish","4":"has-post-thumbnail","6":"product_brand-musto-pt","7":"product_cat-sapatos-de-vela","8":"product_cat-vestuario-de-vela-musto","10":"first","11":"instock","12":"shipping-taxable","13":"purchasable","14":"product-type-simple"},"_links":{"self":[{"href":"https:\/\/stoic-curie.212-227-153-4.plesk.page\/pt\/wp-json\/wp\/v2\/product\/752490","targetHints":{"allow":["GET"]}}],"collection":[{"href":"https:\/\/stoic-curie.212-227-153-4.plesk.page\/pt\/wp-json\/wp\/v2\/product"}],"about":[{"href":"https:\/\/stoic-curie.212-227-153-4.plesk.page\/pt\/wp-json\/wp\/v2\/types\/product"}],"replies":[{"embeddable":true,"href":"https:\/\/stoic-curie.212-227-153-4.plesk.page\/pt\/wp-json\/wp\/v2\/comments?post=752490"}],"version-history":[{"count":0,"href":"https:\/\/stoic-curie.212-227-153-4.plesk.page\/pt\/wp-json\/wp\/v2\/product\/752490\/revisions"}],"wp:featuredmedia":[{"embeddable":true,"href":"https:\/\/stoic-curie.212-227-153-4.plesk.page\/pt\/wp-json\/wp\/v2\/media\/5949106"}],"wp:attachment":[{"href":"https:\/\/stoic-curie.212-227-153-4.plesk.page\/pt\/wp-json\/wp\/v2\/media?parent=752490"}],"wp:term":[{"taxonomy":"product_brand","embeddable":true,"href":"https:\/\/stoic-curie.212-227-153-4.plesk.page\/pt\/wp-json\/wp\/v2\/product_brand?post=752490"},{"taxonomy":"product_cat","embeddable":true,"href":"https:\/\/stoic-curie.212-227-153-4.plesk.page\/pt\/wp-json\/wp\/v2\/product_cat?post=752490"},{"taxonomy":"product_tag","embeddable":true,"href":"https:\/\/stoic-curie.212-227-153-4.plesk.page\/pt\/wp-json\/wp\/v2\/product_tag?post=752490"}],"curies":[{"name":"wp","href":"https:\/\/api.w.org\/{rel}","templated":true}]}}