{"id":752498,"date":"2025-03-04T01:47:09","date_gmt":"2025-03-04T00:47:09","guid":{"rendered":"https:\/\/stoic-curie.212-227-153-4.plesk.page\/producto\/placa-eletronica-para-painel-macs-vitrifrigo\/"},"modified":"2026-02-25T00:28:30","modified_gmt":"2026-02-25T00:28:30","slug":"placa-eletronica-para-painel-macs-vitrifrigo","status":"publish","type":"product","link":"https:\/\/stoic-curie.212-227-153-4.plesk.page\/pt\/product\/placa-eletronica-para-painel-macs-vitrifrigo\/","title":{"rendered":"Placa Eletr\u00f3nica para Painel Macs Vitrifrigo"},"content":{"rendered":"<p>Placa Eletr\u00f3nica para Painel Macs Vitrifrigo &#8211; <\/p>\n<p>Painel de controle de substitui\u00e7\u00e3o e cart\u00e3o eletr\u00f4nico para o novo tipo de condicionadores de ar MACS. Painel Vimar de 12 x 8 cm Cart\u00e3o eletr\u00f4nico e cabo de dados de 3 m<\/p>\n","protected":false},"excerpt":{"rendered":"<p>Placa Eletr\u00f3nica para Painel Macs Vitrifrigo &#8211; Painel de controle de substitui\u00e7\u00e3o e cart\u00e3o eletr\u00f4nico para o novo tipo de<\/p>\n","protected":false},"featured_media":5949109,"comment_status":"open","ping_status":"closed","template":"","meta":[],"product_brand":[3527],"product_cat":[1934],"product_tag":[],"class_list":{"0":"post-752498","1":"product","2":"type-product","3":"status-publish","4":"has-post-thumbnail","6":"product_brand-vitrifrigo-pt","7":"product_cat-eletrodomesticos","9":"first","10":"instock","11":"shipping-taxable","12":"purchasable","13":"product-type-simple"},"_links":{"self":[{"href":"https:\/\/stoic-curie.212-227-153-4.plesk.page\/pt\/wp-json\/wp\/v2\/product\/752498","targetHints":{"allow":["GET"]}}],"collection":[{"href":"https:\/\/stoic-curie.212-227-153-4.plesk.page\/pt\/wp-json\/wp\/v2\/product"}],"about":[{"href":"https:\/\/stoic-curie.212-227-153-4.plesk.page\/pt\/wp-json\/wp\/v2\/types\/product"}],"replies":[{"embeddable":true,"href":"https:\/\/stoic-curie.212-227-153-4.plesk.page\/pt\/wp-json\/wp\/v2\/comments?post=752498"}],"version-history":[{"count":0,"href":"https:\/\/stoic-curie.212-227-153-4.plesk.page\/pt\/wp-json\/wp\/v2\/product\/752498\/revisions"}],"wp:featuredmedia":[{"embeddable":true,"href":"https:\/\/stoic-curie.212-227-153-4.plesk.page\/pt\/wp-json\/wp\/v2\/media\/5949109"}],"wp:attachment":[{"href":"https:\/\/stoic-curie.212-227-153-4.plesk.page\/pt\/wp-json\/wp\/v2\/media?parent=752498"}],"wp:term":[{"taxonomy":"product_brand","embeddable":true,"href":"https:\/\/stoic-curie.212-227-153-4.plesk.page\/pt\/wp-json\/wp\/v2\/product_brand?post=752498"},{"taxonomy":"product_cat","embeddable":true,"href":"https:\/\/stoic-curie.212-227-153-4.plesk.page\/pt\/wp-json\/wp\/v2\/product_cat?post=752498"},{"taxonomy":"product_tag","embeddable":true,"href":"https:\/\/stoic-curie.212-227-153-4.plesk.page\/pt\/wp-json\/wp\/v2\/product_tag?post=752498"}],"curies":[{"name":"wp","href":"https:\/\/api.w.org\/{rel}","templated":true}]}}