{"id":752500,"date":"2025-03-04T01:47:09","date_gmt":"2025-03-04T00:47:09","guid":{"rendered":"https:\/\/stoic-curie.212-227-153-4.plesk.page\/producto\/regulador-de-carga-solar-mppt-entrada-de-20-amp\/"},"modified":"2026-02-25T00:28:30","modified_gmt":"2026-02-25T00:28:30","slug":"regulador-de-carga-solar-mppt-entrada-de-20-amp","status":"publish","type":"product","link":"https:\/\/stoic-curie.212-227-153-4.plesk.page\/pt\/product\/regulador-de-carga-solar-mppt-entrada-de-20-amp\/","title":{"rendered":"Regulador de carga solar MPPT entrada de 20 amp"},"content":{"rendered":"<p>Regulador de carga solar MPPT entrada de 20 amp &#8211; <\/p>\n<p>Controlador de carga com tecnologia MPPT para sistemas fotovoltaicos que recupera o excesso de tens\u00e3o para transform\u00e1-lo em carga adicional, alcan\u00e7ando uma efici\u00eancia de 97%. Adequado para qualquer bateria de chumbo-\u00e1cido, incluindo AGM e gel. N\u00e3o compat\u00edvel com baterias de l\u00edtio e NiMH. Completo com display LED, dupla tomada USB de 2A, sa\u00edda direta do usu\u00e1rio e circuito de prote\u00e7\u00e3o para evitar curto-circuito, sobretens\u00e3o e polaridade reversa.<\/p>\n","protected":false},"excerpt":{"rendered":"<p>Regulador de carga solar MPPT entrada de 20 amp &#8211; Controlador de carga com tecnologia MPPT para sistemas fotovoltaicos que<\/p>\n","protected":false},"featured_media":5949110,"comment_status":"open","ping_status":"closed","template":"","meta":[],"product_brand":[2832],"product_cat":[2036],"product_tag":[],"class_list":{"0":"post-752500","1":"product","2":"type-product","3":"status-publish","4":"has-post-thumbnail","6":"product_brand-blue-sea-systems-pt","7":"product_cat-paineis-solares","9":"first","10":"instock","11":"shipping-taxable","12":"purchasable","13":"product-type-simple"},"_links":{"self":[{"href":"https:\/\/stoic-curie.212-227-153-4.plesk.page\/pt\/wp-json\/wp\/v2\/product\/752500","targetHints":{"allow":["GET"]}}],"collection":[{"href":"https:\/\/stoic-curie.212-227-153-4.plesk.page\/pt\/wp-json\/wp\/v2\/product"}],"about":[{"href":"https:\/\/stoic-curie.212-227-153-4.plesk.page\/pt\/wp-json\/wp\/v2\/types\/product"}],"replies":[{"embeddable":true,"href":"https:\/\/stoic-curie.212-227-153-4.plesk.page\/pt\/wp-json\/wp\/v2\/comments?post=752500"}],"version-history":[{"count":0,"href":"https:\/\/stoic-curie.212-227-153-4.plesk.page\/pt\/wp-json\/wp\/v2\/product\/752500\/revisions"}],"wp:featuredmedia":[{"embeddable":true,"href":"https:\/\/stoic-curie.212-227-153-4.plesk.page\/pt\/wp-json\/wp\/v2\/media\/5949110"}],"wp:attachment":[{"href":"https:\/\/stoic-curie.212-227-153-4.plesk.page\/pt\/wp-json\/wp\/v2\/media?parent=752500"}],"wp:term":[{"taxonomy":"product_brand","embeddable":true,"href":"https:\/\/stoic-curie.212-227-153-4.plesk.page\/pt\/wp-json\/wp\/v2\/product_brand?post=752500"},{"taxonomy":"product_cat","embeddable":true,"href":"https:\/\/stoic-curie.212-227-153-4.plesk.page\/pt\/wp-json\/wp\/v2\/product_cat?post=752500"},{"taxonomy":"product_tag","embeddable":true,"href":"https:\/\/stoic-curie.212-227-153-4.plesk.page\/pt\/wp-json\/wp\/v2\/product_tag?post=752500"}],"curies":[{"name":"wp","href":"https:\/\/api.w.org\/{rel}","templated":true}]}}