{"id":752508,"date":"2025-03-04T01:47:12","date_gmt":"2025-03-04T00:47:12","guid":{"rendered":"https:\/\/stoic-curie.212-227-153-4.plesk.page\/producto\/vitrifrigo-d20a-branco\/"},"modified":"2026-02-25T00:28:30","modified_gmt":"2026-02-25T00:28:30","slug":"vitrifrigo-d20a-branco","status":"publish","type":"product","link":"https:\/\/stoic-curie.212-227-153-4.plesk.page\/pt\/product\/vitrifrigo-d20a-branco\/","title":{"rendered":"Geladeira Vitrifrigo D20A Branca"},"content":{"rendered":"<p>Geladeira Vitrifrigo D20A Branca &#8211; <\/p>\n<p style=\"color: rgb(34, 34, 34); font-family: Arial, Helvetica, sans-serif; font-size: small;\"><strong>Frigor\u00edfico ou Congelador 2 em 1, D20A, Branco, Vitrifrigo<\/strong><\/p>\n<p style=\"color: rgb(34, 34, 34); font-family: Arial, Helvetica, sans-serif; font-size: small;\">O refrigerador de gaveta D20A apresenta uma solu\u00e7\u00e3o moderna para suas necessidades de refrigera\u00e7\u00e3o. Esta unidade Vitrifrigo opera com um sistema de refrigera\u00e7\u00e3o externo Danfoss de 12\/24V, que pode ser posicionado a at\u00e9 1,5 metros de dist\u00e2ncia, e possui uma abertura de gaveta f\u00e1cil de usar. Com o painel do termostato digital, voc\u00ea pode configurar facilmente o compartimento para funcionar como refrigerador ou congelador na temperatura desejada.<\/p>\n<p style=\"color: rgb(34, 34, 34); font-family: Arial, Helvetica, sans-serif; font-size: small;\">Com capacidade total de 20 litros e um design leve de apenas 15 kg, o D20A foi especialmente projetado para caber em espa\u00e7os restritos.<\/p>\n<p style=\"color: rgb(34, 34, 34); font-family: Arial, Helvetica, sans-serif; font-size: small;\">O termostato digital permite modificar as configura\u00e7\u00f5es de temperatura entre +10 e -10 graus. Al\u00e9m disso, inclui um recurso especial de &#8216;Modo Noturno&#8217;, que economiza energia e reduz significativamente os n\u00edveis de ru\u00eddo.<\/p>\n<p style=\"color: rgb(34, 34, 34); font-family: Arial, Helvetica, sans-serif; font-size: small;\">A unidade de refrigera\u00e7\u00e3o remota aumenta a flexibilidade e adaptabilidade deste produto. O D20A est\u00e1 dispon\u00edvel em duas op\u00e7\u00f5es de cores: branco e preto.<\/p>\n<p style=\"color: rgb(34, 34, 34); font-family: Arial, Helvetica, sans-serif; font-size: small;\"><strong>Especifica\u00e7\u00f5es:<\/strong><\/p>\n<ul style=\"color: rgb(34, 34, 34); font-family: Arial, Helvetica, sans-serif; font-size: small;\">\n<li><strong>Acabamento da Porta:<\/strong>&nbsp;ABS<\/li>\n<li><strong>Capacidade:<\/strong>&nbsp;20 litros<\/li>\n<li><strong>Altura:<\/strong>&nbsp;250 mm<\/li>\n<li><strong>Comprimento:<\/strong>&nbsp;440 mm<\/li>\n<li><strong>Profundidade:<\/strong>&nbsp;445 mm<\/li>\n<li><strong>Peso:<\/strong>&nbsp;15 kg<\/li>\n<li><strong>S\u00e9rie:<\/strong>&nbsp;Gaveta Compacta<\/li>\n<li><strong>Porta Revers\u00edvel:<\/strong>&nbsp;N\u00e3o<\/li>\n<li><strong>Termostato:<\/strong>&nbsp;LED<\/li>\n<li><strong>Tecnologia de Refrigera\u00e7\u00e3o:<\/strong>&nbsp;Compressor<\/li>\n<li><strong>Unidade de Refrigera\u00e7\u00e3o:<\/strong>&nbsp;Interna<\/li>\n<li><strong>Abertura da Porta:<\/strong>&nbsp;Abertura de Gaveta<\/li>\n<li><strong>Tens\u00e3o:<\/strong>&nbsp;12\/24 VDC<\/li>\n<\/ul>\n","protected":false},"excerpt":{"rendered":"<p>Geladeira Vitrifrigo D20A Branca &#8211; Frigor\u00edfico ou Congelador 2 em 1, D20A, Branco, Vitrifrigo O refrigerador de gaveta D20A apresenta<\/p>\n","protected":false},"featured_media":5949113,"comment_status":"open","ping_status":"closed","template":"","meta":[],"product_brand":[3527],"product_cat":[2038],"product_tag":[],"class_list":{"0":"post-752508","1":"product","2":"type-product","3":"status-publish","4":"has-post-thumbnail","6":"product_brand-vitrifrigo-pt","7":"product_cat-frigorificos-e-congeladores","9":"first","10":"instock","11":"shipping-taxable","12":"purchasable","13":"product-type-simple"},"_links":{"self":[{"href":"https:\/\/stoic-curie.212-227-153-4.plesk.page\/pt\/wp-json\/wp\/v2\/product\/752508","targetHints":{"allow":["GET"]}}],"collection":[{"href":"https:\/\/stoic-curie.212-227-153-4.plesk.page\/pt\/wp-json\/wp\/v2\/product"}],"about":[{"href":"https:\/\/stoic-curie.212-227-153-4.plesk.page\/pt\/wp-json\/wp\/v2\/types\/product"}],"replies":[{"embeddable":true,"href":"https:\/\/stoic-curie.212-227-153-4.plesk.page\/pt\/wp-json\/wp\/v2\/comments?post=752508"}],"version-history":[{"count":0,"href":"https:\/\/stoic-curie.212-227-153-4.plesk.page\/pt\/wp-json\/wp\/v2\/product\/752508\/revisions"}],"wp:featuredmedia":[{"embeddable":true,"href":"https:\/\/stoic-curie.212-227-153-4.plesk.page\/pt\/wp-json\/wp\/v2\/media\/5949113"}],"wp:attachment":[{"href":"https:\/\/stoic-curie.212-227-153-4.plesk.page\/pt\/wp-json\/wp\/v2\/media?parent=752508"}],"wp:term":[{"taxonomy":"product_brand","embeddable":true,"href":"https:\/\/stoic-curie.212-227-153-4.plesk.page\/pt\/wp-json\/wp\/v2\/product_brand?post=752508"},{"taxonomy":"product_cat","embeddable":true,"href":"https:\/\/stoic-curie.212-227-153-4.plesk.page\/pt\/wp-json\/wp\/v2\/product_cat?post=752508"},{"taxonomy":"product_tag","embeddable":true,"href":"https:\/\/stoic-curie.212-227-153-4.plesk.page\/pt\/wp-json\/wp\/v2\/product_tag?post=752508"}],"curies":[{"name":"wp","href":"https:\/\/api.w.org\/{rel}","templated":true}]}}