{"id":752509,"date":"2025-03-04T01:47:12","date_gmt":"2025-03-04T00:47:12","guid":{"rendered":"https:\/\/stoic-curie.212-227-153-4.plesk.page\/producto\/vitrifrigo-d20a-preto\/"},"modified":"2026-02-25T00:28:30","modified_gmt":"2026-02-25T00:28:30","slug":"vitrifrigo-d20a-preto","status":"publish","type":"product","link":"https:\/\/stoic-curie.212-227-153-4.plesk.page\/pt\/product\/vitrifrigo-d20a-preto\/","title":{"rendered":"Geladeira Vitrifrigo D20A Preta"},"content":{"rendered":"<p>Geladeira Vitrifrigo D20A Preta &#8211; <\/p>\n<p style=\"color: rgb(34, 34, 34); font-family: Arial, Helvetica, sans-serif; font-size: small;\"><strong>Frigor\u00edfico ou Congelador 2 em 1, D20A, Preto, Vitrifrigo<\/strong><\/p>\n<p style=\"color: rgb(34, 34, 34); font-family: Arial, Helvetica, sans-serif; font-size: small;\">O frigor\u00edfico compacto D20A \u00e9 uma solu\u00e7\u00e3o inovadora para suas necessidades de refrigera\u00e7\u00e3o. Este refrigerador Vitrifrigo funciona com uma unidade de refrigera\u00e7\u00e3o externa Danfoss de 12\/24V, que pode ser colocada a at\u00e9 1,5 metros de dist\u00e2ncia, e possui uma abertura de gaveta conveniente. Com o painel de termostato digital, voc\u00ea pode facilmente configurar o compartimento para funcionar como frigor\u00edfico ou congelador na temperatura que preferir.<\/p>\n<p style=\"color: rgb(34, 34, 34); font-family: Arial, Helvetica, sans-serif; font-size: small;\">Com uma capacidade total de 20 litros e um design leve de apenas 15 kg, o D20A foi projetado especificamente para caber em espa\u00e7os apertados.<\/p>\n<p style=\"color: rgb(34, 34, 34); font-family: Arial, Helvetica, sans-serif; font-size: small;\">O termostato digital permite que voc\u00ea ajuste a temperatura entre +10 e -10 graus. Inclui tamb\u00e9m um recurso exclusivo de &#8216;Modo Noturno&#8217;, que ajuda a economizar energia e reduz significativamente os n\u00edveis de ru\u00eddo.<\/p>\n<p style=\"color: rgb(34, 34, 34); font-family: Arial, Helvetica, sans-serif; font-size: small;\">A unidade de refrigera\u00e7\u00e3o remota oferece flexibilidade e versatilidade a este produto. O D20A est\u00e1 dispon\u00edvel em duas cores: branco e preto.<\/p>\n<p style=\"color: rgb(34, 34, 34); font-family: Arial, Helvetica, sans-serif; font-size: small;\"><strong>Especifica\u00e7\u00f5es:<\/strong><\/p>\n<ul style=\"color: rgb(34, 34, 34); font-family: Arial, Helvetica, sans-serif; font-size: small;\">\n<li><strong>Acabamento da Porta:<\/strong>&nbsp;ABS<\/li>\n<li><strong>Capacidade:<\/strong>&nbsp;20 litros<\/li>\n<li><strong>Altura:<\/strong>&nbsp;250 mm<\/li>\n<li><strong>Comprimento:<\/strong>&nbsp;440 mm<\/li>\n<li><strong>Profundidade:<\/strong>&nbsp;445 mm<\/li>\n<li><strong>Peso:<\/strong>&nbsp;15 kg<\/li>\n<li><strong>S\u00e9rie:<\/strong>&nbsp;Gaveta Compacta<\/li>\n<li><strong>Porta Revers\u00edvel:<\/strong>&nbsp;N\u00e3o<\/li>\n<li><strong>Termostato:<\/strong>&nbsp;LED<\/li>\n<li><strong>Tecnologia de Refrigera\u00e7\u00e3o:<\/strong>&nbsp;Compressor<\/li>\n<li><strong>Unidade de Refrigera\u00e7\u00e3o:<\/strong>&nbsp;Interna<\/li>\n<li><strong>Abertura da Porta:<\/strong>&nbsp;Abertura em gaveta<\/li>\n<li><strong>Voltagem:<\/strong>&nbsp;12\/24 VDC<\/li>\n<\/ul>\n","protected":false},"excerpt":{"rendered":"<p>Geladeira Vitrifrigo D20A Preta &#8211; Frigor\u00edfico ou Congelador 2 em 1, D20A, Preto, Vitrifrigo O frigor\u00edfico compacto D20A \u00e9 uma<\/p>\n","protected":false},"featured_media":5949117,"comment_status":"open","ping_status":"closed","template":"","meta":[],"product_brand":[3527],"product_cat":[2038],"product_tag":[],"class_list":{"0":"post-752509","1":"product","2":"type-product","3":"status-publish","4":"has-post-thumbnail","6":"product_brand-vitrifrigo-pt","7":"product_cat-frigorificos-e-congeladores","9":"first","10":"instock","11":"shipping-taxable","12":"purchasable","13":"product-type-simple"},"_links":{"self":[{"href":"https:\/\/stoic-curie.212-227-153-4.plesk.page\/pt\/wp-json\/wp\/v2\/product\/752509","targetHints":{"allow":["GET"]}}],"collection":[{"href":"https:\/\/stoic-curie.212-227-153-4.plesk.page\/pt\/wp-json\/wp\/v2\/product"}],"about":[{"href":"https:\/\/stoic-curie.212-227-153-4.plesk.page\/pt\/wp-json\/wp\/v2\/types\/product"}],"replies":[{"embeddable":true,"href":"https:\/\/stoic-curie.212-227-153-4.plesk.page\/pt\/wp-json\/wp\/v2\/comments?post=752509"}],"version-history":[{"count":0,"href":"https:\/\/stoic-curie.212-227-153-4.plesk.page\/pt\/wp-json\/wp\/v2\/product\/752509\/revisions"}],"wp:featuredmedia":[{"embeddable":true,"href":"https:\/\/stoic-curie.212-227-153-4.plesk.page\/pt\/wp-json\/wp\/v2\/media\/5949117"}],"wp:attachment":[{"href":"https:\/\/stoic-curie.212-227-153-4.plesk.page\/pt\/wp-json\/wp\/v2\/media?parent=752509"}],"wp:term":[{"taxonomy":"product_brand","embeddable":true,"href":"https:\/\/stoic-curie.212-227-153-4.plesk.page\/pt\/wp-json\/wp\/v2\/product_brand?post=752509"},{"taxonomy":"product_cat","embeddable":true,"href":"https:\/\/stoic-curie.212-227-153-4.plesk.page\/pt\/wp-json\/wp\/v2\/product_cat?post=752509"},{"taxonomy":"product_tag","embeddable":true,"href":"https:\/\/stoic-curie.212-227-153-4.plesk.page\/pt\/wp-json\/wp\/v2\/product_tag?post=752509"}],"curies":[{"name":"wp","href":"https:\/\/api.w.org\/{rel}","templated":true}]}}