{"id":752513,"date":"2025-03-04T01:47:14","date_gmt":"2025-03-04T00:47:14","guid":{"rendered":"https:\/\/stoic-curie.212-227-153-4.plesk.page\/producto\/vitrifrigo-c51ix\/"},"modified":"2026-02-25T00:28:30","modified_gmt":"2026-02-25T00:28:30","slug":"vitrifrigo-c51ix","status":"publish","type":"product","link":"https:\/\/stoic-curie.212-227-153-4.plesk.page\/pt\/product\/vitrifrigo-c51ix\/","title":{"rendered":"Frigor\u00edfico Congelador Vitrifrigo C51iX"},"content":{"rendered":"<p>Frigor\u00edfico Congelador Vitrifrigo C51iX &#8211; <\/p>\n<p style=\"color: rgb(34, 34, 34); font-family: Arial, Helvetica, sans-serif; font-size: small;\">Apresentamos o frigor\u00edfico-congelador Vitrifrigo C51iX OCX2, fabricado em a\u00e7o inoxid\u00e1vel. Este modelo apresenta um exterior dur\u00e1vel em a\u00e7o inoxid\u00e1vel e \u00e9 projetado com uma unidade interna de refrigera\u00e7\u00e3o Danfoss 12\/24V. Tamb\u00e9m inclui uma porta revers\u00edvel que pode ser ajustada para ventila\u00e7\u00e3o durante os per\u00edodos de inatividade. O frigor\u00edfico-congelador \u00e9 equipado com uma luz LED, um term\u00f3stato mec\u00e2nico e um perfil deslizante para f\u00e1cil instala\u00e7\u00e3o, seja embutido ou ao n\u00edvel da porta.<\/p>\n<p style=\"color: rgb(34, 34, 34); font-family: Arial, Helvetica, sans-serif; font-size: small;\">O C51iX OCX2 da s\u00e9rie OCX2 \u00e9 uma excelente escolha, oferecendo uma capacidade total de 51 litros, que inclui um compartimento de congelador de 3,6 litros. A unidade de refrigera\u00e7\u00e3o \u00e9 convenientemente localizada dentro do aparelho.<\/p>\n<p style=\"color: rgb(34, 34, 34); font-family: Arial, Helvetica, sans-serif; font-size: small;\">Uma das suas caracter\u00edsticas marcantes \u00e9 o fecho de porta com bloqueio, projetado para evitar aberturas acidentais. Al\u00e9m disso, a ma\u00e7aneta da porta inclui uma fun\u00e7\u00e3o de &#8220;posi\u00e7\u00e3o de ventila\u00e7\u00e3o&#8221;, permitindo uma abertura parcial durante os per\u00edodos de inatividade. Isso ajuda a prevenir odores desagrad\u00e1veis e a forma\u00e7\u00e3o de mofo no interior.<\/p>\n<p style=\"color: rgb(34, 34, 34); font-family: Arial, Helvetica, sans-serif; font-size: small;\"><strong>Especifica\u00e7\u00f5es:<\/strong><\/p>\n<ul style=\"color: rgb(34, 34, 34); font-family: Arial, Helvetica, sans-serif; font-size: small;\">\n<li><strong>Acabamento da porta:<\/strong> A\u00e7o inoxid\u00e1vel<\/li>\n<li><strong>Capacidade:<\/strong> 51 litros<\/li>\n<li><strong>Altura:<\/strong> 545 mm<\/li>\n<li><strong>Comprimento:<\/strong> 443 mm<\/li>\n<li><strong>Profundidade:<\/strong> 515 mm<\/li>\n<li><strong>S\u00e9rie:<\/strong> OCX2<\/li>\n<li><strong>Porta revers\u00edvel:<\/strong> Sim<\/li>\n<li><strong>Term\u00f3stato:<\/strong> Mec\u00e2nico<\/li>\n<li><strong>Tecnologia de refrigera\u00e7\u00e3o:<\/strong> Compressor<\/li>\n<li><strong>Unidade de refrigera\u00e7\u00e3o:<\/strong> Interna<\/li>\n<li><strong>Abertura da porta:<\/strong> Porta frontal simples<\/li>\n<li><strong>Voltagem:<\/strong> 12\/24 VDC<\/li>\n<\/ul>\n<p style=\"color: rgb(34, 34, 34); font-family: Arial, Helvetica, sans-serif; font-size: small;\">Este frigor\u00edfico-congelador combina funcionalidade e estilo, tornando-o uma excelente adi\u00e7\u00e3o ao seu barco ou espa\u00e7o ao ar livre.<\/p>\n","protected":false},"excerpt":{"rendered":"<p>Frigor\u00edfico Congelador Vitrifrigo C51iX &#8211; Apresentamos o frigor\u00edfico-congelador Vitrifrigo C51iX OCX2, fabricado em a\u00e7o inoxid\u00e1vel. Este modelo apresenta um exterior<\/p>\n","protected":false},"featured_media":5949126,"comment_status":"open","ping_status":"closed","template":"","meta":[],"product_brand":[3527],"product_cat":[2038],"product_tag":[],"class_list":{"0":"post-752513","1":"product","2":"type-product","3":"status-publish","4":"has-post-thumbnail","6":"product_brand-vitrifrigo-pt","7":"product_cat-frigorificos-e-congeladores","9":"first","10":"instock","11":"shipping-taxable","12":"purchasable","13":"product-type-simple"},"_links":{"self":[{"href":"https:\/\/stoic-curie.212-227-153-4.plesk.page\/pt\/wp-json\/wp\/v2\/product\/752513","targetHints":{"allow":["GET"]}}],"collection":[{"href":"https:\/\/stoic-curie.212-227-153-4.plesk.page\/pt\/wp-json\/wp\/v2\/product"}],"about":[{"href":"https:\/\/stoic-curie.212-227-153-4.plesk.page\/pt\/wp-json\/wp\/v2\/types\/product"}],"replies":[{"embeddable":true,"href":"https:\/\/stoic-curie.212-227-153-4.plesk.page\/pt\/wp-json\/wp\/v2\/comments?post=752513"}],"version-history":[{"count":0,"href":"https:\/\/stoic-curie.212-227-153-4.plesk.page\/pt\/wp-json\/wp\/v2\/product\/752513\/revisions"}],"wp:featuredmedia":[{"embeddable":true,"href":"https:\/\/stoic-curie.212-227-153-4.plesk.page\/pt\/wp-json\/wp\/v2\/media\/5949126"}],"wp:attachment":[{"href":"https:\/\/stoic-curie.212-227-153-4.plesk.page\/pt\/wp-json\/wp\/v2\/media?parent=752513"}],"wp:term":[{"taxonomy":"product_brand","embeddable":true,"href":"https:\/\/stoic-curie.212-227-153-4.plesk.page\/pt\/wp-json\/wp\/v2\/product_brand?post=752513"},{"taxonomy":"product_cat","embeddable":true,"href":"https:\/\/stoic-curie.212-227-153-4.plesk.page\/pt\/wp-json\/wp\/v2\/product_cat?post=752513"},{"taxonomy":"product_tag","embeddable":true,"href":"https:\/\/stoic-curie.212-227-153-4.plesk.page\/pt\/wp-json\/wp\/v2\/product_tag?post=752513"}],"curies":[{"name":"wp","href":"https:\/\/api.w.org\/{rel}","templated":true}]}}